{"id":144,"date":"2025-04-10T23:16:32","date_gmt":"2025-04-10T21:16:32","guid":{"rendered":"http:\/\/localhost\/HotelJenner\/rooms-2\/"},"modified":"2025-06-18T20:36:38","modified_gmt":"2025-06-18T18:36:38","slug":"chambres","status":"publish","type":"page","link":"https:\/\/hoteljenner.com\/en\/chambres\/","title":{"rendered":"Rooms"},"content":{"rendered":"<div data-elementor-type=\"wp-page\" data-elementor-id=\"144\" class=\"elementor elementor-144\">\n\t\t\t\t<div class=\"elementor-element elementor-element-d10b0a0 e-flex e-con-boxed e-con e-parent\" data-id=\"d10b0a0\" data-element_type=\"container\" data-e-type=\"container\" data-settings=\"{&quot;background_background&quot;:&quot;classic&quot;}\">\n\t\t\t\t\t<div class=\"e-con-inner\">\n\t\t<div class=\"elementor-element elementor-element-1e4a5cd e-con-full e-flex e-con e-child\" data-id=\"1e4a5cd\" data-element_type=\"container\" data-e-type=\"container\">\n\t\t\t\t<div class=\"elementor-element elementor-element-f1ea987 elementor-widget elementor-widget-heading\" data-id=\"f1ea987\" data-element_type=\"widget\" data-e-type=\"widget\" data-widget_type=\"heading.default\">\n\t\t\t\t<div class=\"elementor-widget-container\">\n\t\t\t\t\t<h1 class=\"elementor-heading-title elementor-size-default\">Rooms &amp; accommodation<\/h1>\t\t\t\t<\/div>\n\t\t\t\t<\/div>\n\t\t\t\t<div class=\"elementor-element elementor-element-9d20a2e elementor-widget elementor-widget-text-editor\" data-id=\"9d20a2e\" data-element_type=\"widget\" data-e-type=\"widget\" data-widget_type=\"text-editor.default\">\n\t\t\t\t<div class=\"elementor-widget-container\">\n\t\t\t\t\t\t\t\t\t<p>If you're looking for a place to feel at home, you've come to the right place. Enjoy an incredible and relaxing experience during your stay. Discover our rooms and choose the one that suits you best.<\/p>\t\t\t\t\t\t\t\t<\/div>\n\t\t\t\t<\/div>\n\t\t\t\t<\/div>\n\t\t\t\t\t<\/div>\n\t\t\t\t<\/div>\n\t\t<div class=\"elementor-element elementor-element-4d3f0c8 e-flex e-con-boxed e-con e-parent\" data-id=\"4d3f0c8\" data-element_type=\"container\" data-e-type=\"container\" data-settings=\"{&quot;background_background&quot;:&quot;classic&quot;}\">\n\t\t\t\t\t<div class=\"e-con-inner\">\n\t\t<div class=\"elementor-element elementor-element-3a08b4d e-con-full e-flex e-con e-child\" data-id=\"3a08b4d\" data-element_type=\"container\" data-e-type=\"container\">\n\t\t<div class=\"elementor-element elementor-element-2fc7b7b e-flex e-con-boxed e-con e-child\" data-id=\"2fc7b7b\" data-element_type=\"container\" data-e-type=\"container\">\n\t\t\t\t\t<div class=\"e-con-inner\">\n\t\t\t\t<div class=\"elementor-element elementor-element-b8f7579 elementor-widget__width-initial elementor-widget-tablet__width-initial elementor-widget-mobile__width-inherit elementor-widget elementor-widget-image-box\" data-id=\"b8f7579\" data-element_type=\"widget\" data-e-type=\"widget\" data-widget_type=\"image-box.default\">\n\t\t\t\t<div class=\"elementor-widget-container\">\n\t\t\t\t\t<div class=\"elementor-image-box-wrapper\"><div class=\"elementor-image-box-content\"><h2 class=\"elementor-image-box-title\">Come stay with us<\/h2><p class=\"elementor-image-box-description\">Choose one of our rooms to enjoy refined decor, accompanied by modern amenities for a comfortable stay.<\/p><\/div><\/div>\t\t\t\t<\/div>\n\t\t\t\t<\/div>\n\t\t\t\t\t<\/div>\n\t\t\t\t<\/div>\n\t\t<div class=\"elementor-element elementor-element-10c11e8 e-con-full e-flex e-con e-child\" data-id=\"10c11e8\" data-element_type=\"container\" data-e-type=\"container\">\n\t\t<div class=\"elementor-element elementor-element-9f4bc0c e-con-full e-flex e-con e-child\" data-id=\"9f4bc0c\" data-element_type=\"container\" data-e-type=\"container\">\n\t\t\t\t<div class=\"elementor-element elementor-element-563809b elementor-widget elementor-widget-image\" data-id=\"563809b\" data-element_type=\"widget\" data-e-type=\"widget\" data-widget_type=\"image.default\">\n\t\t\t\t<div class=\"elementor-widget-container\">\n\t\t\t\t\t\t\t\t\t\t\t\t\t\t\t<img fetchpriority=\"high\" decoding=\"async\" width=\"1280\" height=\"853\" src=\"https:\/\/hoteljenner.com\/wp-content\/uploads\/2025\/04\/55158092.jpg\" class=\"attachment-full size-full wp-image-785\" alt=\"\" srcset=\"https:\/\/hoteljenner.com\/wp-content\/uploads\/2025\/04\/55158092.jpg 1280w, https:\/\/hoteljenner.com\/wp-content\/uploads\/2025\/04\/55158092-300x200.jpg 300w, https:\/\/hoteljenner.com\/wp-content\/uploads\/2025\/04\/55158092-1024x682.jpg 1024w, https:\/\/hoteljenner.com\/wp-content\/uploads\/2025\/04\/55158092-768x512.jpg 768w\" sizes=\"(max-width: 1280px) 100vw, 1280px\" \/>\t\t\t\t\t\t\t\t\t\t\t\t\t\t\t<\/div>\n\t\t\t\t<\/div>\n\t\t\t\t<div class=\"elementor-element elementor-element-cf02560 elementor-widget elementor-widget-image-box\" data-id=\"cf02560\" data-element_type=\"widget\" data-e-type=\"widget\" data-widget_type=\"image-box.default\">\n\t\t\t\t<div class=\"elementor-widget-container\">\n\t\t\t\t\t<div class=\"elementor-image-box-wrapper\"><div class=\"elementor-image-box-content\"><h3 class=\"elementor-image-box-title\">Single<\/h3><p class=\"elementor-image-box-description\">Single bed \/ Private bathroom with shower \/ TV + Satellite channels \/ Mini-bar \/ Air conditioning\n\n<\/p><\/div><\/div>\t\t\t\t<\/div>\n\t\t\t\t<\/div>\n\t\t\t\t<div class=\"elementor-element elementor-element-f936406 elementor-widget elementor-widget-button\" data-id=\"f936406\" data-element_type=\"widget\" data-e-type=\"widget\" data-widget_type=\"button.default\">\n\t\t\t\t<div class=\"elementor-widget-container\">\n\t\t\t\t\t\t\t\t\t<div class=\"elementor-button-wrapper\">\n\t\t\t\t\t<a class=\"elementor-button elementor-button-link elementor-size-sm\" href=\"https:\/\/www.secure-hotel-booking.com\/d-edge\/Hotel-Jenner\/2EPN\/fr-FR\/DateSelection\" target=\"_blank\" rel=\"noopener\">\n\t\t\t\t\t\t<span class=\"elementor-button-content-wrapper\">\n\t\t\t\t\t\t\t\t\t<span class=\"elementor-button-text\">BOOK<\/span>\n\t\t\t\t\t<\/span>\n\t\t\t\t\t<\/a>\n\t\t\t\t<\/div>\n\t\t\t\t\t\t\t\t<\/div>\n\t\t\t\t<\/div>\n\t\t\t\t<\/div>\n\t\t<div class=\"elementor-element elementor-element-461cd06 e-con-full e-flex e-con e-child\" data-id=\"461cd06\" data-element_type=\"container\" data-e-type=\"container\">\n\t\t\t\t<div class=\"elementor-element elementor-element-0bdee1e elementor-widget elementor-widget-image\" data-id=\"0bdee1e\" data-element_type=\"widget\" data-e-type=\"widget\" data-widget_type=\"image.default\">\n\t\t\t\t<div class=\"elementor-widget-container\">\n\t\t\t\t\t\t\t\t\t\t\t\t\t\t\t<img decoding=\"async\" width=\"1280\" height=\"853\" src=\"https:\/\/hoteljenner.com\/wp-content\/uploads\/2025\/04\/55159025.jpg\" class=\"attachment-full size-full wp-image-793\" alt=\"\" srcset=\"https:\/\/hoteljenner.com\/wp-content\/uploads\/2025\/04\/55159025.jpg 1280w, https:\/\/hoteljenner.com\/wp-content\/uploads\/2025\/04\/55159025-300x200.jpg 300w, https:\/\/hoteljenner.com\/wp-content\/uploads\/2025\/04\/55159025-1024x682.jpg 1024w, https:\/\/hoteljenner.com\/wp-content\/uploads\/2025\/04\/55159025-768x512.jpg 768w\" sizes=\"(max-width: 1280px) 100vw, 1280px\" \/>\t\t\t\t\t\t\t\t\t\t\t\t\t\t\t<\/div>\n\t\t\t\t<\/div>\n\t\t\t\t<div class=\"elementor-element elementor-element-013a229 elementor-widget elementor-widget-image-box\" data-id=\"013a229\" data-element_type=\"widget\" data-e-type=\"widget\" data-widget_type=\"image-box.default\">\n\t\t\t\t<div class=\"elementor-widget-container\">\n\t\t\t\t\t<div class=\"elementor-image-box-wrapper\"><div class=\"elementor-image-box-content\"><h3 class=\"elementor-image-box-title\">Twin<\/h3><p class=\"elementor-image-box-description\">2 single beds \/ Private bathroom with shower \/ TV + Satellite channels \/ Mini-bar \/ Air conditioning<\/p><\/div><\/div>\t\t\t\t<\/div>\n\t\t\t\t<\/div>\n\t\t\t\t<div class=\"elementor-element elementor-element-0c0cb20 elementor-widget elementor-widget-button\" data-id=\"0c0cb20\" data-element_type=\"widget\" data-e-type=\"widget\" data-widget_type=\"button.default\">\n\t\t\t\t<div class=\"elementor-widget-container\">\n\t\t\t\t\t\t\t\t\t<div class=\"elementor-button-wrapper\">\n\t\t\t\t\t<a class=\"elementor-button elementor-button-link elementor-size-sm\" href=\"https:\/\/www.secure-hotel-booking.com\/d-edge\/Hotel-Jenner\/2EPN\/fr-FR\/DateSelection\" target=\"_blank\" rel=\"noopener\">\n\t\t\t\t\t\t<span class=\"elementor-button-content-wrapper\">\n\t\t\t\t\t\t\t\t\t<span class=\"elementor-button-text\">BOOK<\/span>\n\t\t\t\t\t<\/span>\n\t\t\t\t\t<\/a>\n\t\t\t\t<\/div>\n\t\t\t\t\t\t\t\t<\/div>\n\t\t\t\t<\/div>\n\t\t\t\t<\/div>\n\t\t\t\t<\/div>\n\t\t<div class=\"elementor-element elementor-element-9d13224 e-con-full e-flex e-con e-child\" data-id=\"9d13224\" data-element_type=\"container\" data-e-type=\"container\" data-settings=\"{&quot;background_background&quot;:&quot;classic&quot;}\">\n\t\t<div class=\"elementor-element elementor-element-595254f e-con-full e-flex e-con e-child\" data-id=\"595254f\" data-element_type=\"container\" data-e-type=\"container\">\n\t\t\t\t<div class=\"elementor-element elementor-element-34fe47e elementor-widget elementor-widget-image\" data-id=\"34fe47e\" data-element_type=\"widget\" data-e-type=\"widget\" data-widget_type=\"image.default\">\n\t\t\t\t<div class=\"elementor-widget-container\">\n\t\t\t\t\t\t\t\t\t\t\t\t\t\t\t<img decoding=\"async\" width=\"1280\" height=\"853\" src=\"https:\/\/hoteljenner.com\/wp-content\/uploads\/2025\/04\/55157585.jpg\" class=\"attachment-full size-full wp-image-783\" alt=\"H\u00f4tel Jenner\" srcset=\"https:\/\/hoteljenner.com\/wp-content\/uploads\/2025\/04\/55157585.jpg 1280w, https:\/\/hoteljenner.com\/wp-content\/uploads\/2025\/04\/55157585-300x200.jpg 300w, https:\/\/hoteljenner.com\/wp-content\/uploads\/2025\/04\/55157585-1024x682.jpg 1024w, https:\/\/hoteljenner.com\/wp-content\/uploads\/2025\/04\/55157585-768x512.jpg 768w\" sizes=\"(max-width: 1280px) 100vw, 1280px\" \/>\t\t\t\t\t\t\t\t\t\t\t\t\t\t\t<\/div>\n\t\t\t\t<\/div>\n\t\t\t\t<div class=\"elementor-element elementor-element-a6aa659 elementor-widget elementor-widget-image-box\" data-id=\"a6aa659\" data-element_type=\"widget\" data-e-type=\"widget\" data-widget_type=\"image-box.default\">\n\t\t\t\t<div class=\"elementor-widget-container\">\n\t\t\t\t\t<div class=\"elementor-image-box-wrapper\"><div class=\"elementor-image-box-content\"><h3 class=\"elementor-image-box-title\">Double Sup\u00e9rieure<\/h3><p class=\"elementor-image-box-description\">Double bed \/ Private bathroom with separate WC \/ TV + Satellite channels \/ Mini-bar \/ Air conditioning\n<\/p><\/div><\/div>\t\t\t\t<\/div>\n\t\t\t\t<\/div>\n\t\t\t\t<div class=\"elementor-element elementor-element-f5ea24c elementor-widget elementor-widget-button\" data-id=\"f5ea24c\" data-element_type=\"widget\" data-e-type=\"widget\" data-widget_type=\"button.default\">\n\t\t\t\t<div class=\"elementor-widget-container\">\n\t\t\t\t\t\t\t\t\t<div class=\"elementor-button-wrapper\">\n\t\t\t\t\t<a class=\"elementor-button elementor-button-link elementor-size-sm\" href=\"https:\/\/www.secure-hotel-booking.com\/d-edge\/Hotel-Jenner\/2EPN\/fr-FR\/DateSelection\" target=\"_blank\" rel=\"noopener\">\n\t\t\t\t\t\t<span class=\"elementor-button-content-wrapper\">\n\t\t\t\t\t\t\t\t\t<span class=\"elementor-button-text\">BOOK<\/span>\n\t\t\t\t\t<\/span>\n\t\t\t\t\t<\/a>\n\t\t\t\t<\/div>\n\t\t\t\t\t\t\t\t<\/div>\n\t\t\t\t<\/div>\n\t\t\t\t<\/div>\n\t\t<div class=\"elementor-element elementor-element-7247b54 e-con-full e-flex e-con e-child\" data-id=\"7247b54\" data-element_type=\"container\" data-e-type=\"container\">\n\t\t\t\t<div class=\"elementor-element elementor-element-3b7e447 elementor-widget elementor-widget-image\" data-id=\"3b7e447\" data-element_type=\"widget\" data-e-type=\"widget\" data-widget_type=\"image.default\">\n\t\t\t\t<div class=\"elementor-widget-container\">\n\t\t\t\t\t\t\t\t\t\t\t\t\t\t\t<img loading=\"lazy\" decoding=\"async\" width=\"1280\" height=\"853\" src=\"https:\/\/hoteljenner.com\/wp-content\/uploads\/2025\/04\/55158097.jpg\" class=\"attachment-full size-full wp-image-787\" alt=\"\" srcset=\"https:\/\/hoteljenner.com\/wp-content\/uploads\/2025\/04\/55158097.jpg 1280w, https:\/\/hoteljenner.com\/wp-content\/uploads\/2025\/04\/55158097-300x200.jpg 300w, https:\/\/hoteljenner.com\/wp-content\/uploads\/2025\/04\/55158097-1024x682.jpg 1024w, https:\/\/hoteljenner.com\/wp-content\/uploads\/2025\/04\/55158097-768x512.jpg 768w\" sizes=\"(max-width: 1280px) 100vw, 1280px\" \/>\t\t\t\t\t\t\t\t\t\t\t\t\t\t\t<\/div>\n\t\t\t\t<\/div>\n\t\t\t\t<div class=\"elementor-element elementor-element-26ebbcd elementor-widget elementor-widget-image-box\" data-id=\"26ebbcd\" data-element_type=\"widget\" data-e-type=\"widget\" data-widget_type=\"image-box.default\">\n\t\t\t\t<div class=\"elementor-widget-container\">\n\t\t\t\t\t<div class=\"elementor-image-box-wrapper\"><div class=\"elementor-image-box-content\"><h3 class=\"elementor-image-box-title\">Double Business<\/h3><p class=\"elementor-image-box-description\">Double bed \/ Private bathroom with shower \/ TV + Satellite channels \/ Mini-bar \/ Air conditioning\n\n<\/p><\/div><\/div>\t\t\t\t<\/div>\n\t\t\t\t<\/div>\n\t\t\t\t<div class=\"elementor-element elementor-element-a2865a6 elementor-widget elementor-widget-button\" data-id=\"a2865a6\" data-element_type=\"widget\" data-e-type=\"widget\" data-widget_type=\"button.default\">\n\t\t\t\t<div class=\"elementor-widget-container\">\n\t\t\t\t\t\t\t\t\t<div class=\"elementor-button-wrapper\">\n\t\t\t\t\t<a class=\"elementor-button elementor-button-link elementor-size-sm\" href=\"https:\/\/www.secure-hotel-booking.com\/d-edge\/Hotel-Jenner\/2EPN\/fr-FR\/DateSelection\" target=\"_blank\" rel=\"noopener\">\n\t\t\t\t\t\t<span class=\"elementor-button-content-wrapper\">\n\t\t\t\t\t\t\t\t\t<span class=\"elementor-button-text\">BOOK<\/span>\n\t\t\t\t\t<\/span>\n\t\t\t\t\t<\/a>\n\t\t\t\t<\/div>\n\t\t\t\t\t\t\t\t<\/div>\n\t\t\t\t<\/div>\n\t\t\t\t<\/div>\n\t\t\t\t<\/div>\n\t\t<div class=\"elementor-element elementor-element-e8a74f4 e-con-full e-flex e-con e-child\" data-id=\"e8a74f4\" data-element_type=\"container\" data-e-type=\"container\">\n\t\t<div class=\"elementor-element elementor-element-1dd3453 e-con-full e-flex e-con e-child\" data-id=\"1dd3453\" data-element_type=\"container\" data-e-type=\"container\">\n\t\t\t\t<div class=\"elementor-element elementor-element-d3a2f44 elementor-widget elementor-widget-image\" data-id=\"d3a2f44\" data-element_type=\"widget\" data-e-type=\"widget\" data-widget_type=\"image.default\">\n\t\t\t\t<div class=\"elementor-widget-container\">\n\t\t\t\t\t\t\t\t\t\t\t\t\t\t\t<img loading=\"lazy\" decoding=\"async\" width=\"1280\" height=\"853\" src=\"https:\/\/hoteljenner.com\/wp-content\/uploads\/2025\/04\/55159193.jpg\" class=\"attachment-full size-full wp-image-795\" alt=\"\" srcset=\"https:\/\/hoteljenner.com\/wp-content\/uploads\/2025\/04\/55159193.jpg 1280w, https:\/\/hoteljenner.com\/wp-content\/uploads\/2025\/04\/55159193-300x200.jpg 300w, https:\/\/hoteljenner.com\/wp-content\/uploads\/2025\/04\/55159193-1024x682.jpg 1024w, https:\/\/hoteljenner.com\/wp-content\/uploads\/2025\/04\/55159193-768x512.jpg 768w\" sizes=\"(max-width: 1280px) 100vw, 1280px\" \/>\t\t\t\t\t\t\t\t\t\t\t\t\t\t\t<\/div>\n\t\t\t\t<\/div>\n\t\t\t\t<div class=\"elementor-element elementor-element-e6f9725 elementor-widget elementor-widget-image-box\" data-id=\"e6f9725\" data-element_type=\"widget\" data-e-type=\"widget\" data-widget_type=\"image-box.default\">\n\t\t\t\t<div class=\"elementor-widget-container\">\n\t\t\t\t\t<div class=\"elementor-image-box-wrapper\"><div class=\"elementor-image-box-content\"><h3 class=\"elementor-image-box-title\">Quad<\/h3><p class=\"elementor-image-box-description\">2 bedrooms with 2 double beds (or 2 single beds) \/ 2 private bathrooms with shower \/ 2 TVs + Satellite channels \/ 2 Mini-bars \/ Independent air conditioning\n<\/p><\/div><\/div>\t\t\t\t<\/div>\n\t\t\t\t<\/div>\n\t\t\t\t<div class=\"elementor-element elementor-element-541fb08 elementor-widget elementor-widget-button\" data-id=\"541fb08\" data-element_type=\"widget\" data-e-type=\"widget\" data-widget_type=\"button.default\">\n\t\t\t\t<div class=\"elementor-widget-container\">\n\t\t\t\t\t\t\t\t\t<div class=\"elementor-button-wrapper\">\n\t\t\t\t\t<a class=\"elementor-button elementor-button-link elementor-size-sm\" href=\"https:\/\/www.secure-hotel-booking.com\/d-edge\/Hotel-Jenner\/2EPN\/fr-FR\/DateSelection\" target=\"_blank\" rel=\"noopener\">\n\t\t\t\t\t\t<span class=\"elementor-button-content-wrapper\">\n\t\t\t\t\t\t\t\t\t<span class=\"elementor-button-text\">BOOK<\/span>\n\t\t\t\t\t<\/span>\n\t\t\t\t\t<\/a>\n\t\t\t\t<\/div>\n\t\t\t\t\t\t\t\t<\/div>\n\t\t\t\t<\/div>\n\t\t\t\t<\/div>\n\t\t\t\t<\/div>\n\t\t\t\t<\/div>\n\t\t\t\t\t<\/div>\n\t\t\t\t<\/div>\n\t\t\t\t<\/div>","protected":false},"excerpt":{"rendered":"<p>Chambres &amp; h\u00e9bergements Si vous cherchez un lieu o\u00f9 vous sentir comme chez vous, vous \u00eates au bon endroit. Profitez d\u2019une exp\u00e9rience \u00e0 la fois incroyable et relaxante pendant votre s\u00e9jour. D\u00e9couvrez nos chambres et choisissez celle qui vous correspond le mieux. Venez s\u00e9journer chez nous Choisissez l\u2019une de nos chambres pour profiter d\u2019une d\u00e9coration [&hellip;]<\/p>","protected":false},"author":1,"featured_media":0,"parent":0,"menu_order":0,"comment_status":"closed","ping_status":"closed","template":"","meta":{"site-sidebar-layout":"no-sidebar","site-content-layout":"page-builder","ast-site-content-layout":"default","site-content-style":"default","site-sidebar-style":"default","ast-global-header-display":"","ast-banner-title-visibility":"","ast-main-header-display":"","ast-hfb-above-header-display":"","ast-hfb-below-header-display":"","ast-hfb-mobile-header-display":"","site-post-title":"disabled","ast-breadcrumbs-content":"","ast-featured-img":"disabled","footer-sml-layout":"","ast-disable-related-posts":"","theme-transparent-header-meta":"enabled","adv-header-id-meta":"","stick-header-meta":"","header-above-stick-meta":"","header-main-stick-meta":"","header-below-stick-meta":"","astra-migrate-meta-layouts":"default","ast-page-background-enabled":"default","ast-page-background-meta":{"desktop":{"background-color":"","background-image":"","background-repeat":"repeat","background-position":"center center","background-size":"auto","background-attachment":"scroll","background-type":"","background-media":"","overlay-type":"","overlay-color":"","overlay-opacity":"","overlay-gradient":""},"tablet":{"background-color":"","background-image":"","background-repeat":"repeat","background-position":"center center","background-size":"auto","background-attachment":"scroll","background-type":"","background-media":"","overlay-type":"","overlay-color":"","overlay-opacity":"","overlay-gradient":""},"mobile":{"background-color":"","background-image":"","background-repeat":"repeat","background-position":"center center","background-size":"auto","background-attachment":"scroll","background-type":"","background-media":"","overlay-type":"","overlay-color":"","overlay-opacity":"","overlay-gradient":""}},"ast-content-background-meta":{"desktop":{"background-color":"var(--ast-global-color-5)","background-image":"","background-repeat":"repeat","background-position":"center center","background-size":"auto","background-attachment":"scroll","background-type":"","background-media":"","overlay-type":"","overlay-color":"","overlay-opacity":"","overlay-gradient":""},"tablet":{"background-color":"var(--ast-global-color-5)","background-image":"","background-repeat":"repeat","background-position":"center center","background-size":"auto","background-attachment":"scroll","background-type":"","background-media":"","overlay-type":"","overlay-color":"","overlay-opacity":"","overlay-gradient":""},"mobile":{"background-color":"var(--ast-global-color-5)","background-image":"","background-repeat":"repeat","background-position":"center center","background-size":"auto","background-attachment":"scroll","background-type":"","background-media":"","overlay-type":"","overlay-color":"","overlay-opacity":"","overlay-gradient":""}},"footnotes":""},"class_list":["post-144","page","type-page","status-publish","hentry"],"_links":{"self":[{"href":"https:\/\/hoteljenner.com\/en\/wp-json\/wp\/v2\/pages\/144","targetHints":{"allow":["GET"]}}],"collection":[{"href":"https:\/\/hoteljenner.com\/en\/wp-json\/wp\/v2\/pages"}],"about":[{"href":"https:\/\/hoteljenner.com\/en\/wp-json\/wp\/v2\/types\/page"}],"author":[{"embeddable":true,"href":"https:\/\/hoteljenner.com\/en\/wp-json\/wp\/v2\/users\/1"}],"replies":[{"embeddable":true,"href":"https:\/\/hoteljenner.com\/en\/wp-json\/wp\/v2\/comments?post=144"}],"version-history":[{"count":7,"href":"https:\/\/hoteljenner.com\/en\/wp-json\/wp\/v2\/pages\/144\/revisions"}],"predecessor-version":[{"id":995,"href":"https:\/\/hoteljenner.com\/en\/wp-json\/wp\/v2\/pages\/144\/revisions\/995"}],"wp:attachment":[{"href":"https:\/\/hoteljenner.com\/en\/wp-json\/wp\/v2\/media?parent=144"}],"curies":[{"name":"wp","href":"https:\/\/api.w.org\/{rel}","templated":true}]}}