{"id":146,"date":"2025-04-10T23:16:32","date_gmt":"2025-04-10T21:16:32","guid":{"rendered":"http:\/\/localhost\/HotelJenner\/amenities\/"},"modified":"2025-06-29T22:33:39","modified_gmt":"2025-06-29T20:33:39","slug":"equipements","status":"publish","type":"page","link":"https:\/\/hoteljenner.com\/en\/equipements\/","title":{"rendered":"Equipment"},"content":{"rendered":"<div data-elementor-type=\"wp-page\" data-elementor-id=\"146\" class=\"elementor elementor-146\">\n\t\t\t\t<div class=\"elementor-element elementor-element-05b0b34 e-flex e-con-boxed e-con e-parent\" data-id=\"05b0b34\" data-element_type=\"container\" data-e-type=\"container\" data-settings=\"{&quot;background_background&quot;:&quot;classic&quot;}\">\n\t\t\t\t\t<div class=\"e-con-inner\">\n\t\t<div class=\"elementor-element elementor-element-ee8ebfd e-con-full e-flex e-con e-child\" data-id=\"ee8ebfd\" data-element_type=\"container\" data-e-type=\"container\">\n\t\t\t\t<div class=\"elementor-element elementor-element-dbeb786 elementor-widget elementor-widget-heading\" data-id=\"dbeb786\" data-element_type=\"widget\" data-e-type=\"widget\" data-widget_type=\"heading.default\">\n\t\t\t\t<div class=\"elementor-widget-container\">\n\t\t\t\t\t<h1 class=\"elementor-heading-title elementor-size-default\">Equipment &amp; Services<\/h1>\t\t\t\t<\/div>\n\t\t\t\t<\/div>\n\t\t\t\t<div class=\"elementor-element elementor-element-0c87f47 elementor-widget elementor-widget-text-editor\" data-id=\"0c87f47\" data-element_type=\"widget\" data-e-type=\"widget\" data-widget_type=\"text-editor.default\">\n\t\t\t\t<div class=\"elementor-widget-container\">\n\t\t\t\t\t\t\t\t\t<p>We offer you not just a place to sleep, but a pleasant setting to relax and fully enjoy your stay. Step inside the Hotel Jenner and treat yourself to a comfortable and peaceful break.<\/p>\t\t\t\t\t\t\t\t<\/div>\n\t\t\t\t<\/div>\n\t\t\t\t<\/div>\n\t\t\t\t\t<\/div>\n\t\t\t\t<\/div>\n\t\t<div class=\"elementor-element elementor-element-ed1f7e3 e-flex e-con-boxed e-con e-parent\" data-id=\"ed1f7e3\" data-element_type=\"container\" data-e-type=\"container\" data-settings=\"{&quot;background_background&quot;:&quot;classic&quot;}\">\n\t\t\t\t\t<div class=\"e-con-inner\">\n\t\t<div class=\"elementor-element elementor-element-d173221 e-con-full e-flex e-con e-child\" data-id=\"d173221\" data-element_type=\"container\" data-e-type=\"container\">\n\t\t<div class=\"elementor-element elementor-element-3a3aa11 e-flex e-con-boxed e-con e-child\" data-id=\"3a3aa11\" data-element_type=\"container\" data-e-type=\"container\">\n\t\t\t\t\t<div class=\"e-con-inner\">\n\t\t\t\t<div class=\"elementor-element elementor-element-aa110ba elementor-widget__width-initial elementor-widget-tablet__width-initial elementor-widget-mobile__width-inherit elementor-widget elementor-widget-image-box\" data-id=\"aa110ba\" data-element_type=\"widget\" data-e-type=\"widget\" data-widget_type=\"image-box.default\">\n\t\t\t\t<div class=\"elementor-widget-container\">\n\t\t\t\t\t<div class=\"elementor-image-box-wrapper\"><div class=\"elementor-image-box-content\"><h2 class=\"elementor-image-box-title\">Equipment<\/h2><p class=\"elementor-image-box-description\">Discover the amenities and services designed for a pleasant stay in Paris.<\/p><\/div><\/div>\t\t\t\t<\/div>\n\t\t\t\t<\/div>\n\t\t\t\t<div class=\"elementor-element elementor-element-b163099 elementor-align-right elementor-widget__width-initial elementor-mobile-align-left elementor-widget-tablet__width-initial elementor-widget-mobile__width-inherit elementor-widget elementor-widget-button\" data-id=\"b163099\" data-element_type=\"widget\" data-e-type=\"widget\" data-widget_type=\"button.default\">\n\t\t\t\t<div class=\"elementor-widget-container\">\n\t\t\t\t\t\t\t\t\t<div class=\"elementor-button-wrapper\">\n\t\t\t\t\t<a class=\"elementor-button elementor-button-link elementor-size-sm\" href=\"https:\/\/www.secure-hotel-booking.com\/d-edge\/Hotel-Jenner\/2EPN\/fr-FR\/DateSelection\" target=\"_blank\" rel=\"noopener\">\n\t\t\t\t\t\t<span class=\"elementor-button-content-wrapper\">\n\t\t\t\t\t\t\t\t\t<span class=\"elementor-button-text\">BOOK<\/span>\n\t\t\t\t\t<\/span>\n\t\t\t\t\t<\/a>\n\t\t\t\t<\/div>\n\t\t\t\t\t\t\t\t<\/div>\n\t\t\t\t<\/div>\n\t\t\t\t\t<\/div>\n\t\t\t\t<\/div>\n\t\t<div class=\"elementor-element elementor-element-6f4048e e-con-full e-flex e-con e-child\" data-id=\"6f4048e\" data-element_type=\"container\" data-e-type=\"container\">\n\t\t<div class=\"elementor-element elementor-element-d653a01 e-con-full e-flex elementor-invisible e-con e-child\" data-id=\"d653a01\" data-element_type=\"container\" data-e-type=\"container\" data-settings=\"{&quot;animation&quot;:&quot;fadeIn&quot;,&quot;animation_delay&quot;:100}\">\n\t\t\t\t<div class=\"elementor-element elementor-element-9686585 elementor-widget elementor-widget-image\" data-id=\"9686585\" data-element_type=\"widget\" data-e-type=\"widget\" data-widget_type=\"image.default\">\n\t\t\t\t<div class=\"elementor-widget-container\">\n\t\t\t\t\t\t\t\t\t\t\t\t\t\t\t<img fetchpriority=\"high\" decoding=\"async\" width=\"2560\" height=\"1707\" src=\"https:\/\/hoteljenner.com\/wp-content\/uploads\/2025\/04\/pexels-photo-5052851-5052851-scaled.jpg\" class=\"attachment-full size-full wp-image-938\" alt=\"Woman working on a laptop with coffee in a cozy caf\u00e9, highlighting a productive and modern vibe.\" srcset=\"https:\/\/hoteljenner.com\/wp-content\/uploads\/2025\/04\/pexels-photo-5052851-5052851-scaled.jpg 2560w, https:\/\/hoteljenner.com\/wp-content\/uploads\/2025\/04\/pexels-photo-5052851-5052851-300x200.jpg 300w, https:\/\/hoteljenner.com\/wp-content\/uploads\/2025\/04\/pexels-photo-5052851-5052851-1024x683.jpg 1024w, https:\/\/hoteljenner.com\/wp-content\/uploads\/2025\/04\/pexels-photo-5052851-5052851-768x512.jpg 768w, https:\/\/hoteljenner.com\/wp-content\/uploads\/2025\/04\/pexels-photo-5052851-5052851-1536x1024.jpg 1536w, https:\/\/hoteljenner.com\/wp-content\/uploads\/2025\/04\/pexels-photo-5052851-5052851-2048x1365.jpg 2048w\" sizes=\"(max-width: 2560px) 100vw, 2560px\" \/>\t\t\t\t\t\t\t\t\t\t\t\t\t\t\t<\/div>\n\t\t\t\t<\/div>\n\t\t\t\t<div class=\"elementor-element elementor-element-eb1eb15 elementor-widget elementor-widget-image-box\" data-id=\"eb1eb15\" data-element_type=\"widget\" data-e-type=\"widget\" data-widget_type=\"image-box.default\">\n\t\t\t\t<div class=\"elementor-widget-container\">\n\t\t\t\t\t<div class=\"elementor-image-box-wrapper\"><div class=\"elementor-image-box-content\"><h3 class=\"elementor-image-box-title\">Free Wi-Fi<\/h3><\/div><\/div>\t\t\t\t<\/div>\n\t\t\t\t<\/div>\n\t\t\t\t<\/div>\n\t\t<div class=\"elementor-element elementor-element-c6ab5db e-con-full e-flex elementor-invisible e-con e-child\" data-id=\"c6ab5db\" data-element_type=\"container\" data-e-type=\"container\" data-settings=\"{&quot;animation&quot;:&quot;fadeIn&quot;,&quot;animation_delay&quot;:200}\">\n\t\t\t\t<div class=\"elementor-element elementor-element-7e3ba69 elementor-widget elementor-widget-image\" data-id=\"7e3ba69\" data-element_type=\"widget\" data-e-type=\"widget\" data-widget_type=\"image.default\">\n\t\t\t\t<div class=\"elementor-widget-container\">\n\t\t\t\t\t\t\t\t\t\t\t\t\t\t\t<img decoding=\"async\" width=\"1280\" height=\"853\" src=\"https:\/\/hoteljenner.com\/wp-content\/uploads\/2025\/04\/55159644.jpg\" class=\"attachment-full size-full wp-image-799\" alt=\"H\u00f4tel Jenner\" srcset=\"https:\/\/hoteljenner.com\/wp-content\/uploads\/2025\/04\/55159644.jpg 1280w, https:\/\/hoteljenner.com\/wp-content\/uploads\/2025\/04\/55159644-300x200.jpg 300w, https:\/\/hoteljenner.com\/wp-content\/uploads\/2025\/04\/55159644-1024x682.jpg 1024w, https:\/\/hoteljenner.com\/wp-content\/uploads\/2025\/04\/55159644-768x512.jpg 768w\" sizes=\"(max-width: 1280px) 100vw, 1280px\" \/>\t\t\t\t\t\t\t\t\t\t\t\t\t\t\t<\/div>\n\t\t\t\t<\/div>\n\t\t\t\t<div class=\"elementor-element elementor-element-56e94dd elementor-widget elementor-widget-image-box\" data-id=\"56e94dd\" data-element_type=\"widget\" data-e-type=\"widget\" data-widget_type=\"image-box.default\">\n\t\t\t\t<div class=\"elementor-widget-container\">\n\t\t\t\t\t<div class=\"elementor-image-box-wrapper\"><div class=\"elementor-image-box-content\"><h3 class=\"elementor-image-box-title\">24-hour reception<\/h3><p class=\"elementor-image-box-description\">\n<\/p><\/div><\/div>\t\t\t\t<\/div>\n\t\t\t\t<\/div>\n\t\t\t\t<\/div>\n\t\t<div class=\"elementor-element elementor-element-25a2b78 e-con-full e-flex elementor-invisible e-con e-child\" data-id=\"25a2b78\" data-element_type=\"container\" data-e-type=\"container\" data-settings=\"{&quot;animation&quot;:&quot;fadeIn&quot;,&quot;animation_delay&quot;:300}\">\n\t\t\t\t<div class=\"elementor-element elementor-element-4a1001b elementor-widget elementor-widget-image\" data-id=\"4a1001b\" data-element_type=\"widget\" data-e-type=\"widget\" data-widget_type=\"image.default\">\n\t\t\t\t<div class=\"elementor-widget-container\">\n\t\t\t\t\t\t\t\t\t\t\t\t\t\t\t<img decoding=\"async\" width=\"1280\" height=\"853\" src=\"https:\/\/hoteljenner.com\/wp-content\/uploads\/2025\/04\/55158092.jpg\" class=\"attachment-full size-full wp-image-785\" alt=\"\" srcset=\"https:\/\/hoteljenner.com\/wp-content\/uploads\/2025\/04\/55158092.jpg 1280w, https:\/\/hoteljenner.com\/wp-content\/uploads\/2025\/04\/55158092-300x200.jpg 300w, https:\/\/hoteljenner.com\/wp-content\/uploads\/2025\/04\/55158092-1024x682.jpg 1024w, https:\/\/hoteljenner.com\/wp-content\/uploads\/2025\/04\/55158092-768x512.jpg 768w\" sizes=\"(max-width: 1280px) 100vw, 1280px\" \/>\t\t\t\t\t\t\t\t\t\t\t\t\t\t\t<\/div>\n\t\t\t\t<\/div>\n\t\t\t\t<div class=\"elementor-element elementor-element-3f74c8a elementor-widget elementor-widget-image-box\" data-id=\"3f74c8a\" data-element_type=\"widget\" data-e-type=\"widget\" data-widget_type=\"image-box.default\">\n\t\t\t\t<div class=\"elementor-widget-container\">\n\t\t\t\t\t<div class=\"elementor-image-box-wrapper\"><div class=\"elementor-image-box-content\"><h3 class=\"elementor-image-box-title\">Facilities for disabled people<\/h3><p class=\"elementor-image-box-description\">\n\n<\/p><\/div><\/div>\t\t\t\t<\/div>\n\t\t\t\t<\/div>\n\t\t\t\t<\/div>\n\t\t\t\t<\/div>\n\t\t<div class=\"elementor-element elementor-element-7f31d08 e-con-full e-flex e-con e-child\" data-id=\"7f31d08\" data-element_type=\"container\" data-e-type=\"container\">\n\t\t<div class=\"elementor-element elementor-element-5e0ad44 e-con-full e-flex elementor-invisible e-con e-child\" data-id=\"5e0ad44\" data-element_type=\"container\" data-e-type=\"container\" data-settings=\"{&quot;animation&quot;:&quot;fadeIn&quot;,&quot;animation_delay&quot;:400}\">\n\t\t\t\t<div class=\"elementor-element elementor-element-3638e02 elementor-widget elementor-widget-image\" data-id=\"3638e02\" data-element_type=\"widget\" data-e-type=\"widget\" data-widget_type=\"image.default\">\n\t\t\t\t<div class=\"elementor-widget-container\">\n\t\t\t\t\t\t\t\t\t\t\t\t\t\t\t<img loading=\"lazy\" decoding=\"async\" width=\"2560\" height=\"1707\" src=\"https:\/\/hoteljenner.com\/wp-content\/uploads\/2025\/04\/pexels-photo-12800442-12800442-scaled.jpg\" class=\"attachment-full size-full wp-image-936\" alt=\"Charming white Poodle with curly fur enjoying a sunny day on the grass.\" srcset=\"https:\/\/hoteljenner.com\/wp-content\/uploads\/2025\/04\/pexels-photo-12800442-12800442-scaled.jpg 2560w, https:\/\/hoteljenner.com\/wp-content\/uploads\/2025\/04\/pexels-photo-12800442-12800442-300x200.jpg 300w, https:\/\/hoteljenner.com\/wp-content\/uploads\/2025\/04\/pexels-photo-12800442-12800442-1024x683.jpg 1024w, https:\/\/hoteljenner.com\/wp-content\/uploads\/2025\/04\/pexels-photo-12800442-12800442-768x512.jpg 768w, https:\/\/hoteljenner.com\/wp-content\/uploads\/2025\/04\/pexels-photo-12800442-12800442-1536x1024.jpg 1536w, https:\/\/hoteljenner.com\/wp-content\/uploads\/2025\/04\/pexels-photo-12800442-12800442-2048x1365.jpg 2048w\" sizes=\"(max-width: 2560px) 100vw, 2560px\" \/>\t\t\t\t\t\t\t\t\t\t\t\t\t\t\t<\/div>\n\t\t\t\t<\/div>\n\t\t\t\t<div class=\"elementor-element elementor-element-ada0918 elementor-widget elementor-widget-image-box\" data-id=\"ada0918\" data-element_type=\"widget\" data-e-type=\"widget\" data-widget_type=\"image-box.default\">\n\t\t\t\t<div class=\"elementor-widget-container\">\n\t\t\t\t\t<div class=\"elementor-image-box-wrapper\"><div class=\"elementor-image-box-content\"><h3 class=\"elementor-image-box-title\">Pets allowed (a supplement may apply)<\/h3><p class=\"elementor-image-box-description\">\n\n<\/p><\/div><\/div>\t\t\t\t<\/div>\n\t\t\t\t<\/div>\n\t\t\t\t<\/div>\n\t\t<div class=\"elementor-element elementor-element-5b2f93a e-con-full e-flex elementor-invisible e-con e-child\" data-id=\"5b2f93a\" data-element_type=\"container\" data-e-type=\"container\" data-settings=\"{&quot;animation&quot;:&quot;fadeIn&quot;,&quot;animation_delay&quot;:500}\">\n\t\t\t\t<div class=\"elementor-element elementor-element-6db67a2 elementor-widget elementor-widget-image\" data-id=\"6db67a2\" data-element_type=\"widget\" data-e-type=\"widget\" data-widget_type=\"image.default\">\n\t\t\t\t<div class=\"elementor-widget-container\">\n\t\t\t\t\t\t\t\t\t\t\t\t\t\t\t<img loading=\"lazy\" decoding=\"async\" width=\"1280\" height=\"853\" src=\"https:\/\/hoteljenner.com\/wp-content\/uploads\/2025\/04\/55159575.jpg\" class=\"attachment-full size-full wp-image-796\" alt=\"\" srcset=\"https:\/\/hoteljenner.com\/wp-content\/uploads\/2025\/04\/55159575.jpg 1280w, https:\/\/hoteljenner.com\/wp-content\/uploads\/2025\/04\/55159575-300x200.jpg 300w, https:\/\/hoteljenner.com\/wp-content\/uploads\/2025\/04\/55159575-1024x682.jpg 1024w, https:\/\/hoteljenner.com\/wp-content\/uploads\/2025\/04\/55159575-768x512.jpg 768w\" sizes=\"(max-width: 1280px) 100vw, 1280px\" \/>\t\t\t\t\t\t\t\t\t\t\t\t\t\t\t<\/div>\n\t\t\t\t<\/div>\n\t\t\t\t<div class=\"elementor-element elementor-element-7387d88 elementor-widget elementor-widget-image-box\" data-id=\"7387d88\" data-element_type=\"widget\" data-e-type=\"widget\" data-widget_type=\"image-box.default\">\n\t\t\t\t<div class=\"elementor-widget-container\">\n\t\t\t\t\t<div class=\"elementor-image-box-wrapper\"><div class=\"elementor-image-box-content\"><h3 class=\"elementor-image-box-title\">Breakfast available<\/h3><p class=\"elementor-image-box-description\">\n<\/p><\/div><\/div>\t\t\t\t<\/div>\n\t\t\t\t<\/div>\n\t\t\t\t<\/div>\n\t\t<div class=\"elementor-element elementor-element-59f1313 e-con-full e-flex elementor-invisible e-con e-child\" data-id=\"59f1313\" data-element_type=\"container\" data-e-type=\"container\" data-settings=\"{&quot;animation&quot;:&quot;fadeIn&quot;,&quot;animation_delay&quot;:600}\">\n\t\t\t\t<div class=\"elementor-element elementor-element-f390463 elementor-widget elementor-widget-image\" data-id=\"f390463\" data-element_type=\"widget\" data-e-type=\"widget\" data-widget_type=\"image.default\">\n\t\t\t\t<div class=\"elementor-widget-container\">\n\t\t\t\t\t\t\t\t\t\t\t\t\t\t\t<img loading=\"lazy\" decoding=\"async\" width=\"1280\" height=\"853\" src=\"https:\/\/hoteljenner.com\/wp-content\/uploads\/2025\/04\/55159603.jpg\" class=\"attachment-full size-full wp-image-797\" alt=\"\" srcset=\"https:\/\/hoteljenner.com\/wp-content\/uploads\/2025\/04\/55159603.jpg 1280w, https:\/\/hoteljenner.com\/wp-content\/uploads\/2025\/04\/55159603-300x200.jpg 300w, https:\/\/hoteljenner.com\/wp-content\/uploads\/2025\/04\/55159603-1024x682.jpg 1024w, https:\/\/hoteljenner.com\/wp-content\/uploads\/2025\/04\/55159603-768x512.jpg 768w\" sizes=\"(max-width: 1280px) 100vw, 1280px\" \/>\t\t\t\t\t\t\t\t\t\t\t\t\t\t\t<\/div>\n\t\t\t\t<\/div>\n\t\t\t\t<div class=\"elementor-element elementor-element-9e69e26 elementor-widget elementor-widget-image-box\" data-id=\"9e69e26\" data-element_type=\"widget\" data-e-type=\"widget\" data-widget_type=\"image-box.default\">\n\t\t\t\t<div class=\"elementor-widget-container\">\n\t\t\t\t\t<div class=\"elementor-image-box-wrapper\"><div class=\"elementor-image-box-content\"><h3 class=\"elementor-image-box-title\">Shared lounge \/ TV room \/ Invoice provided on request<\/h3><\/div><\/div>\t\t\t\t<\/div>\n\t\t\t\t<\/div>\n\t\t\t\t<\/div>\n\t\t\t\t<\/div>\n\t\t<div class=\"elementor-element elementor-element-145f9a8 e-con-full e-flex e-con e-child\" data-id=\"145f9a8\" data-element_type=\"container\" data-e-type=\"container\">\n\t\t<div class=\"elementor-element elementor-element-b7b3abf e-con-full e-flex elementor-invisible e-con e-child\" data-id=\"b7b3abf\" data-element_type=\"container\" data-e-type=\"container\" data-settings=\"{&quot;animation&quot;:&quot;fadeIn&quot;,&quot;animation_delay&quot;:500}\">\n\t\t\t\t<div class=\"elementor-element elementor-element-f8d7b28 elementor-widget elementor-widget-image\" data-id=\"f8d7b28\" data-element_type=\"widget\" data-e-type=\"widget\" data-widget_type=\"image.default\">\n\t\t\t\t<div class=\"elementor-widget-container\">\n\t\t\t\t\t\t\t\t\t\t\t\t\t\t\t<img loading=\"lazy\" decoding=\"async\" width=\"650\" height=\"408\" src=\"https:\/\/hoteljenner.com\/wp-content\/uploads\/2025\/06\/gare-austerlitz1-650.webp\" class=\"attachment-full size-full wp-image-1108\" alt=\"\" srcset=\"https:\/\/hoteljenner.com\/wp-content\/uploads\/2025\/06\/gare-austerlitz1-650.webp 650w, https:\/\/hoteljenner.com\/wp-content\/uploads\/2025\/06\/gare-austerlitz1-650-300x188.webp 300w, https:\/\/hoteljenner.com\/wp-content\/uploads\/2025\/06\/gare-austerlitz1-650-18x12.webp 18w\" sizes=\"(max-width: 650px) 100vw, 650px\" \/>\t\t\t\t\t\t\t\t\t\t\t\t\t\t\t<\/div>\n\t\t\t\t<\/div>\n\t\t\t\t<div class=\"elementor-element elementor-element-6acd004 elementor-widget elementor-widget-image-box\" data-id=\"6acd004\" data-element_type=\"widget\" data-e-type=\"widget\" data-widget_type=\"image-box.default\">\n\t\t\t\t<div class=\"elementor-widget-container\">\n\t\t\t\t\t<div class=\"elementor-image-box-wrapper\"><div class=\"elementor-image-box-content\"><h1 class=\"elementor-image-box-title\">H\u00f4tel proche Gare d\u2019Austerlitz Paris - H\u00f4tel Jenner<\/h1><p class=\"elementor-image-box-description\">\n<\/p><\/div><\/div>\t\t\t\t<\/div>\n\t\t\t\t<\/div>\n\t\t\t\t<\/div>\n\t\t\t\t<\/div>\n\t\t\t\t<\/div>\n\t\t\t\t\t<\/div>\n\t\t\t\t<\/div>\n\t\t<div class=\"elementor-element elementor-element-5cf241d e-flex e-con-boxed elementor-invisible e-con e-parent\" data-id=\"5cf241d\" data-element_type=\"container\" data-e-type=\"container\" data-settings=\"{&quot;animation&quot;:&quot;fadeInUp&quot;}\">\n\t\t\t\t\t<div class=\"e-con-inner\">\n\t\t\t\t<div class=\"elementor-element elementor-element-a4d1230 elementor-widget-divider--view-line elementor-widget elementor-widget-divider\" data-id=\"a4d1230\" data-element_type=\"widget\" data-e-type=\"widget\" data-widget_type=\"divider.default\">\n\t\t\t\t<div class=\"elementor-widget-container\">\n\t\t\t\t\t\t\t<div class=\"elementor-divider\">\n\t\t\t<span class=\"elementor-divider-separator\">\n\t\t\t\t\t\t<\/span>\n\t\t<\/div>\n\t\t\t\t\t\t<\/div>\n\t\t\t\t<\/div>\n\t\t\t\t<div class=\"elementor-element elementor-element-fa45a99 elementor-widget elementor-widget-image\" data-id=\"fa45a99\" data-element_type=\"widget\" data-e-type=\"widget\" data-widget_type=\"image.default\">\n\t\t\t\t<div class=\"elementor-widget-container\">\n\t\t\t\t\t\t\t\t\t\t\t\t\t\t\t<img loading=\"lazy\" decoding=\"async\" width=\"1024\" height=\"563\" src=\"https:\/\/hoteljenner.com\/wp-content\/uploads\/2025\/04\/Capture-decran-2025-04-12-042747-1024x563.png\" class=\"attachment-large size-large wp-image-939\" alt=\"\" srcset=\"https:\/\/hoteljenner.com\/wp-content\/uploads\/2025\/04\/Capture-decran-2025-04-12-042747-1024x563.png 1024w, https:\/\/hoteljenner.com\/wp-content\/uploads\/2025\/04\/Capture-decran-2025-04-12-042747-300x165.png 300w, https:\/\/hoteljenner.com\/wp-content\/uploads\/2025\/04\/Capture-decran-2025-04-12-042747-768x422.png 768w, https:\/\/hoteljenner.com\/wp-content\/uploads\/2025\/04\/Capture-decran-2025-04-12-042747.png 1413w\" sizes=\"(max-width: 1024px) 100vw, 1024px\" \/>\t\t\t\t\t\t\t\t\t\t\t\t\t\t\t<\/div>\n\t\t\t\t<\/div>\n\t\t\t\t<div class=\"elementor-element elementor-element-cbe8c92 elementor-widget-divider--view-line elementor-widget elementor-widget-divider\" data-id=\"cbe8c92\" data-element_type=\"widget\" data-e-type=\"widget\" data-widget_type=\"divider.default\">\n\t\t\t\t<div class=\"elementor-widget-container\">\n\t\t\t\t\t\t\t<div class=\"elementor-divider\">\n\t\t\t<span class=\"elementor-divider-separator\">\n\t\t\t\t\t\t<\/span>\n\t\t<\/div>\n\t\t\t\t\t\t<\/div>\n\t\t\t\t<\/div>\n\t\t\t\t\t<\/div>\n\t\t\t\t<\/div>\n\t\t\t\t<\/div>","protected":false},"excerpt":{"rendered":"<p>\u00c9quipements &amp; Services Nous ne vous proposons pas seulement un endroit o\u00f9 dormir, mais un cadre agr\u00e9able pour vous d\u00e9tendre et profiter pleinement de votre s\u00e9jour. Poussez la porte de l\u2019H\u00f4tel Jenner et accordez-vous une pause confortable et sereine. \u00c9quipements D\u00e9couvrez les \u00e9quipements et services pens\u00e9s pour un s\u00e9jour agr\u00e9able \u00e0 Paris. R\u00e9servez Connexion Wi-Fi [&hellip;]<\/p>","protected":false},"author":1,"featured_media":0,"parent":0,"menu_order":0,"comment_status":"closed","ping_status":"closed","template":"","meta":{"site-sidebar-layout":"no-sidebar","site-content-layout":"page-builder","ast-site-content-layout":"default","site-content-style":"default","site-sidebar-style":"default","ast-global-header-display":"","ast-banner-title-visibility":"","ast-main-header-display":"","ast-hfb-above-header-display":"","ast-hfb-below-header-display":"","ast-hfb-mobile-header-display":"","site-post-title":"disabled","ast-breadcrumbs-content":"","ast-featured-img":"disabled","footer-sml-layout":"","ast-disable-related-posts":"","theme-transparent-header-meta":"enabled","adv-header-id-meta":"","stick-header-meta":"","header-above-stick-meta":"","header-main-stick-meta":"","header-below-stick-meta":"","astra-migrate-meta-layouts":"default","ast-page-background-enabled":"default","ast-page-background-meta":{"desktop":{"background-color":"","background-image":"","background-repeat":"repeat","background-position":"center center","background-size":"auto","background-attachment":"scroll","background-type":"","background-media":"","overlay-type":"","overlay-color":"","overlay-opacity":"","overlay-gradient":""},"tablet":{"background-color":"","background-image":"","background-repeat":"repeat","background-position":"center center","background-size":"auto","background-attachment":"scroll","background-type":"","background-media":"","overlay-type":"","overlay-color":"","overlay-opacity":"","overlay-gradient":""},"mobile":{"background-color":"","background-image":"","background-repeat":"repeat","background-position":"center center","background-size":"auto","background-attachment":"scroll","background-type":"","background-media":"","overlay-type":"","overlay-color":"","overlay-opacity":"","overlay-gradient":""}},"ast-content-background-meta":{"desktop":{"background-color":"var(--ast-global-color-5)","background-image":"","background-repeat":"repeat","background-position":"center center","background-size":"auto","background-attachment":"scroll","background-type":"","background-media":"","overlay-type":"","overlay-color":"","overlay-opacity":"","overlay-gradient":""},"tablet":{"background-color":"var(--ast-global-color-5)","background-image":"","background-repeat":"repeat","background-position":"center center","background-size":"auto","background-attachment":"scroll","background-type":"","background-media":"","overlay-type":"","overlay-color":"","overlay-opacity":"","overlay-gradient":""},"mobile":{"background-color":"var(--ast-global-color-5)","background-image":"","background-repeat":"repeat","background-position":"center center","background-size":"auto","background-attachment":"scroll","background-type":"","background-media":"","overlay-type":"","overlay-color":"","overlay-opacity":"","overlay-gradient":""}},"footnotes":""},"class_list":["post-146","page","type-page","status-publish","hentry"],"_links":{"self":[{"href":"https:\/\/hoteljenner.com\/en\/wp-json\/wp\/v2\/pages\/146","targetHints":{"allow":["GET"]}}],"collection":[{"href":"https:\/\/hoteljenner.com\/en\/wp-json\/wp\/v2\/pages"}],"about":[{"href":"https:\/\/hoteljenner.com\/en\/wp-json\/wp\/v2\/types\/page"}],"author":[{"embeddable":true,"href":"https:\/\/hoteljenner.com\/en\/wp-json\/wp\/v2\/users\/1"}],"replies":[{"embeddable":true,"href":"https:\/\/hoteljenner.com\/en\/wp-json\/wp\/v2\/comments?post=146"}],"version-history":[{"count":20,"href":"https:\/\/hoteljenner.com\/en\/wp-json\/wp\/v2\/pages\/146\/revisions"}],"predecessor-version":[{"id":1120,"href":"https:\/\/hoteljenner.com\/en\/wp-json\/wp\/v2\/pages\/146\/revisions\/1120"}],"wp:attachment":[{"href":"https:\/\/hoteljenner.com\/en\/wp-json\/wp\/v2\/media?parent=146"}],"curies":[{"name":"wp","href":"https:\/\/api.w.org\/{rel}","templated":true}]}}