{"id":828,"date":"2025-04-11T02:10:00","date_gmt":"2025-04-11T00:10:00","guid":{"rendered":"http:\/\/localhost\/HotelJenner\/?page_id=828"},"modified":"2025-04-11T02:10:02","modified_gmt":"2025-04-11T00:10:02","slug":"le-petit-dejeuner-a-lhotel-jenner","status":"publish","type":"page","link":"https:\/\/hoteljenner.com\/en\/le-petit-dejeuner-a-lhotel-jenner\/","title":{"rendered":"Breakfast at the Jenner Hotel"},"content":{"rendered":"<p>Start your day off right with our delicious breakfast, served every morning from 7 a.m. to 10:30 a.m. For just \u20ac11.50, we offer a varied and delicious selection to satisfy all your cravings.<\/p>\n\n\n\n<hr class=\"wp-block-separator has-alpha-channel-opacity\"\/>\n\n\n\n<figure class=\"wp-block-image size-large\"><img fetchpriority=\"high\" decoding=\"async\" width=\"1024\" height=\"682\" src=\"http:\/\/hoteljenner.com\/wp-content\/uploads\/2025\/04\/55159575-1024x682.jpg\" alt=\"\" class=\"wp-image-796\" srcset=\"https:\/\/hoteljenner.com\/wp-content\/uploads\/2025\/04\/55159575-1024x682.jpg 1024w, https:\/\/hoteljenner.com\/wp-content\/uploads\/2025\/04\/55159575-300x200.jpg 300w, https:\/\/hoteljenner.com\/wp-content\/uploads\/2025\/04\/55159575-768x512.jpg 768w, https:\/\/hoteljenner.com\/wp-content\/uploads\/2025\/04\/55159575.jpg 1280w\" sizes=\"(max-width: 1024px) 100vw, 1024px\" \/><\/figure>\n\n\n\n<hr class=\"wp-block-separator has-alpha-channel-opacity\"\/>\n\n\n\n<p>On the menu: fresh pastries, refreshing fruit juices, coffee or tea to wake you up, as well as savory options like ham, rosettes, and butter. For those with a sweet tooth, we also offer Nutella, fresh fruit, cereals, and yogurts for a gentle wake-up call.<\/p>\n\n\n\n<p>Whether you're in a hurry or want to take your time, our breakfast is designed to meet all your expectations and give you the energy you need to start the day.<\/p>\n\n\n\n<p>We look forward to welcoming you every morning for a friendly and enjoyable time!<\/p>\n\n\n\n<p><\/p>","protected":false},"excerpt":{"rendered":"<p>Commencez votre journ\u00e9e de la meilleure mani\u00e8re avec notre d\u00e9licieux petit d\u00e9jeuner, servi chaque matin de 7h \u00e0 10h30. Pour seulement 11,50\u20ac, nous vous proposons une s\u00e9lection vari\u00e9e et gourmande pour satisfaire toutes vos envies. Au menu : des viennoiseries fra\u00eeches, des jus de fruits rafra\u00eechissants, du caf\u00e9 ou du th\u00e9 pour bien vous r\u00e9veiller, [&hellip;]<\/p>","protected":false},"author":1,"featured_media":798,"parent":0,"menu_order":0,"comment_status":"closed","ping_status":"closed","template":"","meta":{"site-sidebar-layout":"default","site-content-layout":"","ast-site-content-layout":"default","site-content-style":"default","site-sidebar-style":"default","ast-global-header-display":"","ast-banner-title-visibility":"","ast-main-header-display":"","ast-hfb-above-header-display":"","ast-hfb-below-header-display":"","ast-hfb-mobile-header-display":"","site-post-title":"","ast-breadcrumbs-content":"","ast-featured-img":"","footer-sml-layout":"","ast-disable-related-posts":"","theme-transparent-header-meta":"","adv-header-id-meta":"","stick-header-meta":"","header-above-stick-meta":"","header-main-stick-meta":"","header-below-stick-meta":"","astra-migrate-meta-layouts":"set","ast-page-background-enabled":"default","ast-page-background-meta":{"desktop":{"background-color":"","background-image":"","background-repeat":"repeat","background-position":"center center","background-size":"auto","background-attachment":"scroll","background-type":"","background-media":"","overlay-type":"","overlay-color":"","overlay-opacity":"","overlay-gradient":""},"tablet":{"background-color":"","background-image":"","background-repeat":"repeat","background-position":"center center","background-size":"auto","background-attachment":"scroll","background-type":"","background-media":"","overlay-type":"","overlay-color":"","overlay-opacity":"","overlay-gradient":""},"mobile":{"background-color":"","background-image":"","background-repeat":"repeat","background-position":"center center","background-size":"auto","background-attachment":"scroll","background-type":"","background-media":"","overlay-type":"","overlay-color":"","overlay-opacity":"","overlay-gradient":""}},"ast-content-background-meta":{"desktop":{"background-color":"var(--ast-global-color-5)","background-image":"","background-repeat":"repeat","background-position":"center center","background-size":"auto","background-attachment":"scroll","background-type":"","background-media":"","overlay-type":"","overlay-color":"","overlay-opacity":"","overlay-gradient":""},"tablet":{"background-color":"var(--ast-global-color-5)","background-image":"","background-repeat":"repeat","background-position":"center center","background-size":"auto","background-attachment":"scroll","background-type":"","background-media":"","overlay-type":"","overlay-color":"","overlay-opacity":"","overlay-gradient":""},"mobile":{"background-color":"var(--ast-global-color-5)","background-image":"","background-repeat":"repeat","background-position":"center center","background-size":"auto","background-attachment":"scroll","background-type":"","background-media":"","overlay-type":"","overlay-color":"","overlay-opacity":"","overlay-gradient":""}},"footnotes":""},"class_list":["post-828","page","type-page","status-publish","has-post-thumbnail","hentry"],"_links":{"self":[{"href":"https:\/\/hoteljenner.com\/en\/wp-json\/wp\/v2\/pages\/828","targetHints":{"allow":["GET"]}}],"collection":[{"href":"https:\/\/hoteljenner.com\/en\/wp-json\/wp\/v2\/pages"}],"about":[{"href":"https:\/\/hoteljenner.com\/en\/wp-json\/wp\/v2\/types\/page"}],"author":[{"embeddable":true,"href":"https:\/\/hoteljenner.com\/en\/wp-json\/wp\/v2\/users\/1"}],"replies":[{"embeddable":true,"href":"https:\/\/hoteljenner.com\/en\/wp-json\/wp\/v2\/comments?post=828"}],"version-history":[{"count":1,"href":"https:\/\/hoteljenner.com\/en\/wp-json\/wp\/v2\/pages\/828\/revisions"}],"predecessor-version":[{"id":829,"href":"https:\/\/hoteljenner.com\/en\/wp-json\/wp\/v2\/pages\/828\/revisions\/829"}],"wp:featuredmedia":[{"embeddable":true,"href":"https:\/\/hoteljenner.com\/en\/wp-json\/wp\/v2\/media\/798"}],"wp:attachment":[{"href":"https:\/\/hoteljenner.com\/en\/wp-json\/wp\/v2\/media?parent=828"}],"curies":[{"name":"wp","href":"https:\/\/api.w.org\/{rel}","templated":true}]}}