{"id":830,"date":"2025-04-11T02:18:55","date_gmt":"2025-04-11T00:18:55","guid":{"rendered":"http:\/\/localhost\/HotelJenner\/?page_id=830"},"modified":"2025-04-11T02:18:57","modified_gmt":"2025-04-11T00:18:57","slug":"la-reception-votre-accueil-24h-24-7j-7","status":"publish","type":"page","link":"https:\/\/hoteljenner.com\/en\/la-reception-votre-accueil-24h-24-7j-7\/","title":{"rendered":"Reception: Your 24\/7 Welcome"},"content":{"rendered":"<p>At Hotel Jenner, we pride ourselves on providing you with quality service, available 24\/7. Our reception is open 24\/7, welcoming you at any time of the day or night. Our professional and attentive team is always ready to meet your needs, provide information about the hotel or the city, and help make your stay as enjoyable as possible.<\/p>\n\n\n\n<p>We've designed our reception area to make you feel comfortable. Comfortable seating is available so you can relax during your arrival or departure. For added convenience, luggage storage is available so you can safely store your bags before check-in or after check-out, allowing you to fully enjoy your day.<\/p>\n\n\n\n<div class=\"wp-block-media-text is-stacked-on-mobile\"><figure class=\"wp-block-media-text__media\"><img fetchpriority=\"high\" decoding=\"async\" width=\"1024\" height=\"682\" src=\"http:\/\/hoteljenner.com\/wp-content\/uploads\/2025\/04\/55159644-1024x682.jpg\" alt=\"\" class=\"wp-image-799 size-full\" srcset=\"https:\/\/hoteljenner.com\/wp-content\/uploads\/2025\/04\/55159644-1024x682.jpg 1024w, https:\/\/hoteljenner.com\/wp-content\/uploads\/2025\/04\/55159644-300x200.jpg 300w, https:\/\/hoteljenner.com\/wp-content\/uploads\/2025\/04\/55159644-768x512.jpg 768w, https:\/\/hoteljenner.com\/wp-content\/uploads\/2025\/04\/55159644.jpg 1280w\" sizes=\"(max-width: 1024px) 100vw, 1024px\" \/><\/figure><div class=\"wp-block-media-text__content\">\n<p>Safety and comfort are our priority, which is why we ensure constant surveillance of our premises so that you can enjoy your stay with complete peace of mind.<\/p>\n\n\n\n<p>We are here for you every step of the way, providing personalized, quality service at all times.<\/p>\n<\/div><\/div>\n\n\n\n<p><\/p>","protected":false},"excerpt":{"rendered":"<p>\u00c0 l&rsquo;H\u00f4tel Jenner, nous mettons un point d&rsquo;honneur \u00e0 vous offrir un service de qualit\u00e9, disponible en permanence. Notre r\u00e9ception est ouverte 24 heures sur 24, 7 jours sur 7, afin de vous accueillir \u00e0 toute heure de la journ\u00e9e ou de la nuit. Notre \u00e9quipe professionnelle et attentionn\u00e9e est toujours pr\u00eate \u00e0 r\u00e9pondre \u00e0 [&hellip;]<\/p>","protected":false},"author":1,"featured_media":797,"parent":0,"menu_order":0,"comment_status":"closed","ping_status":"closed","template":"","meta":{"site-sidebar-layout":"default","site-content-layout":"","ast-site-content-layout":"default","site-content-style":"default","site-sidebar-style":"default","ast-global-header-display":"","ast-banner-title-visibility":"","ast-main-header-display":"","ast-hfb-above-header-display":"","ast-hfb-below-header-display":"","ast-hfb-mobile-header-display":"","site-post-title":"","ast-breadcrumbs-content":"","ast-featured-img":"","footer-sml-layout":"","ast-disable-related-posts":"","theme-transparent-header-meta":"","adv-header-id-meta":"","stick-header-meta":"","header-above-stick-meta":"","header-main-stick-meta":"","header-below-stick-meta":"","astra-migrate-meta-layouts":"set","ast-page-background-enabled":"default","ast-page-background-meta":{"desktop":{"background-color":"","background-image":"","background-repeat":"repeat","background-position":"center center","background-size":"auto","background-attachment":"scroll","background-type":"","background-media":"","overlay-type":"","overlay-color":"","overlay-opacity":"","overlay-gradient":""},"tablet":{"background-color":"","background-image":"","background-repeat":"repeat","background-position":"center center","background-size":"auto","background-attachment":"scroll","background-type":"","background-media":"","overlay-type":"","overlay-color":"","overlay-opacity":"","overlay-gradient":""},"mobile":{"background-color":"","background-image":"","background-repeat":"repeat","background-position":"center center","background-size":"auto","background-attachment":"scroll","background-type":"","background-media":"","overlay-type":"","overlay-color":"","overlay-opacity":"","overlay-gradient":""}},"ast-content-background-meta":{"desktop":{"background-color":"var(--ast-global-color-5)","background-image":"","background-repeat":"repeat","background-position":"center center","background-size":"auto","background-attachment":"scroll","background-type":"","background-media":"","overlay-type":"","overlay-color":"","overlay-opacity":"","overlay-gradient":""},"tablet":{"background-color":"var(--ast-global-color-5)","background-image":"","background-repeat":"repeat","background-position":"center center","background-size":"auto","background-attachment":"scroll","background-type":"","background-media":"","overlay-type":"","overlay-color":"","overlay-opacity":"","overlay-gradient":""},"mobile":{"background-color":"var(--ast-global-color-5)","background-image":"","background-repeat":"repeat","background-position":"center center","background-size":"auto","background-attachment":"scroll","background-type":"","background-media":"","overlay-type":"","overlay-color":"","overlay-opacity":"","overlay-gradient":""}},"footnotes":""},"class_list":["post-830","page","type-page","status-publish","has-post-thumbnail","hentry"],"_links":{"self":[{"href":"https:\/\/hoteljenner.com\/en\/wp-json\/wp\/v2\/pages\/830","targetHints":{"allow":["GET"]}}],"collection":[{"href":"https:\/\/hoteljenner.com\/en\/wp-json\/wp\/v2\/pages"}],"about":[{"href":"https:\/\/hoteljenner.com\/en\/wp-json\/wp\/v2\/types\/page"}],"author":[{"embeddable":true,"href":"https:\/\/hoteljenner.com\/en\/wp-json\/wp\/v2\/users\/1"}],"replies":[{"embeddable":true,"href":"https:\/\/hoteljenner.com\/en\/wp-json\/wp\/v2\/comments?post=830"}],"version-history":[{"count":1,"href":"https:\/\/hoteljenner.com\/en\/wp-json\/wp\/v2\/pages\/830\/revisions"}],"predecessor-version":[{"id":831,"href":"https:\/\/hoteljenner.com\/en\/wp-json\/wp\/v2\/pages\/830\/revisions\/831"}],"wp:featuredmedia":[{"embeddable":true,"href":"https:\/\/hoteljenner.com\/en\/wp-json\/wp\/v2\/media\/797"}],"wp:attachment":[{"href":"https:\/\/hoteljenner.com\/en\/wp-json\/wp\/v2\/media?parent=830"}],"curies":[{"name":"wp","href":"https:\/\/api.w.org\/{rel}","templated":true}]}}