{"id":832,"date":"2025-04-11T02:37:28","date_gmt":"2025-04-11T00:37:28","guid":{"rendered":"http:\/\/localhost\/HotelJenner\/?page_id=832"},"modified":"2025-04-11T02:37:30","modified_gmt":"2025-04-11T00:37:30","slug":"nos-chambres-confort-et-praticite-pour-tous","status":"publish","type":"page","link":"https:\/\/hoteljenner.com\/en\/nos-chambres-confort-et-praticite-pour-tous\/","title":{"rendered":"Our Rooms: Comfort and Practicality for Everyone"},"content":{"rendered":"<p>At Hotel Jenner, we offer a variety of rooms to suit all your needs, whether you're traveling as a couple, with family, or with friends. Our rooms are designed to provide optimal comfort and a pleasant setting, ensuring your stay is unforgettable.<\/p>\n\n\n\n<hr class=\"wp-block-separator has-alpha-channel-opacity\"\/>\n\n\n\n<figure class=\"wp-block-gallery has-nested-images columns-default is-cropped wp-block-gallery-1 is-layout-flex wp-block-gallery-is-layout-flex\">\n<figure class=\"wp-block-image size-large\"><img fetchpriority=\"high\" decoding=\"async\" width=\"1024\" height=\"682\" data-id=\"805\" src=\"http:\/\/hoteljenner.com\/wp-content\/uploads\/2025\/04\/345980386-1024x682.jpg\" alt=\"\" class=\"wp-image-805\" srcset=\"https:\/\/hoteljenner.com\/wp-content\/uploads\/2025\/04\/345980386-1024x682.jpg 1024w, https:\/\/hoteljenner.com\/wp-content\/uploads\/2025\/04\/345980386-300x200.jpg 300w, https:\/\/hoteljenner.com\/wp-content\/uploads\/2025\/04\/345980386-768x512.jpg 768w, https:\/\/hoteljenner.com\/wp-content\/uploads\/2025\/04\/345980386.jpg 1280w\" sizes=\"(max-width: 1024px) 100vw, 1024px\" \/><\/figure>\n\n\n\n<figure class=\"wp-block-image size-large\"><img decoding=\"async\" width=\"1024\" height=\"682\" data-id=\"789\" src=\"http:\/\/hoteljenner.com\/wp-content\/uploads\/2025\/04\/55158979-1024x682.jpg\" alt=\"\" class=\"wp-image-789\" srcset=\"https:\/\/hoteljenner.com\/wp-content\/uploads\/2025\/04\/55158979-1024x682.jpg 1024w, https:\/\/hoteljenner.com\/wp-content\/uploads\/2025\/04\/55158979-300x200.jpg 300w, https:\/\/hoteljenner.com\/wp-content\/uploads\/2025\/04\/55158979-768x512.jpg 768w, https:\/\/hoteljenner.com\/wp-content\/uploads\/2025\/04\/55158979.jpg 1280w\" sizes=\"(max-width: 1024px) 100vw, 1024px\" \/><\/figure>\n\n\n\n<figure class=\"wp-block-image size-large\"><img decoding=\"async\" width=\"1024\" height=\"682\" data-id=\"785\" src=\"http:\/\/hoteljenner.com\/wp-content\/uploads\/2025\/04\/55158092-1024x682.jpg\" alt=\"\" class=\"wp-image-785\" srcset=\"https:\/\/hoteljenner.com\/wp-content\/uploads\/2025\/04\/55158092-1024x682.jpg 1024w, https:\/\/hoteljenner.com\/wp-content\/uploads\/2025\/04\/55158092-300x200.jpg 300w, https:\/\/hoteljenner.com\/wp-content\/uploads\/2025\/04\/55158092-768x512.jpg 768w, https:\/\/hoteljenner.com\/wp-content\/uploads\/2025\/04\/55158092.jpg 1280w\" sizes=\"(max-width: 1024px) 100vw, 1024px\" \/><\/figure>\n<\/figure>\n\n\n\n<div class=\"wp-block-columns is-layout-flex wp-container-core-columns-is-layout-20bb992b wp-block-columns-is-layout-flex\" style=\"margin-top:0;margin-bottom:0;padding-top:0;padding-right:0;padding-bottom:0;padding-left:0\">\n<div class=\"wp-block-column is-layout-flow wp-block-column-is-layout-flow\">\n<p class=\"has-text-align-center\"><strong>SUPERIOR DOUBLE ROOMS<\/strong><\/p>\n<\/div>\n\n\n\n<div class=\"wp-block-column is-layout-flow wp-block-column-is-layout-flow\">\n<p class=\"has-text-align-center\"><strong>TWIN ROOMS<\/strong><\/p>\n<\/div>\n\n\n\n<div class=\"wp-block-column is-layout-flow wp-block-column-is-layout-flow\">\n<p class=\"has-text-align-center\"><strong>SINGLE ROOMS<\/strong><\/p>\n<\/div>\n<\/div>\n\n\n\n<hr class=\"wp-block-separator has-alpha-channel-opacity\"\/>\n\n\n\n<p>At Hotel Jenner, we offer a variety of rooms to suit all your needs, whether you're traveling as a couple, with family, or with friends. Our rooms are designed to provide optimal comfort and a pleasant setting, ensuring your stay is unforgettable.<\/p>\n\n\n\n<p>We have rooms <strong>superior doubles<\/strong> for a peaceful stay, offering modern amenities and spaciousness. If you prefer separate beds, our <strong>twin room<\/strong> sont id\u00e9ales, alliant confort et fonctionnalit\u00e9.<\/p>\n\n\n\n<p>For solo travelers, we also offer <strong>single rooms<\/strong>, perfect for an intimate and comfortable experience.<\/p>\n\n\n\n<hr class=\"wp-block-separator has-alpha-channel-opacity\"\/>\n\n\n\n<div class=\"wp-block-media-text is-stacked-on-mobile\"><figure class=\"wp-block-media-text__media\"><img loading=\"lazy\" decoding=\"async\" width=\"1024\" height=\"682\" src=\"http:\/\/hoteljenner.com\/wp-content\/uploads\/2025\/04\/55159193-1024x682.jpg\" alt=\"\" class=\"wp-image-795 size-full\" srcset=\"https:\/\/hoteljenner.com\/wp-content\/uploads\/2025\/04\/55159193-1024x682.jpg 1024w, https:\/\/hoteljenner.com\/wp-content\/uploads\/2025\/04\/55159193-300x200.jpg 300w, https:\/\/hoteljenner.com\/wp-content\/uploads\/2025\/04\/55159193-768x512.jpg 768w, https:\/\/hoteljenner.com\/wp-content\/uploads\/2025\/04\/55159193.jpg 1280w\" sizes=\"(max-width: 1024px) 100vw, 1024px\" \/><\/figure><div class=\"wp-block-media-text__content\">\n<p>For families or groups, we also offer quad rooms, consisting of two connecting rooms. This allows for a private space while still being close to one another, making it the perfect solution for families or friends traveling together.<\/p>\n<\/div><\/div>\n\n\n\n<hr class=\"wp-block-separator has-alpha-channel-opacity\"\/>\n\n\n\n<p>In order to meet the specific needs of our customers with reduced mobility, we also provide you with a PMR room, fully accessible and equipped to guarantee your comfort and safety.<\/p>\n\n\n\n<p>Our beds are specially chosen to ensure a restful and comfortable sleep, allowing you to fully rest after a busy day.<\/p>\n\n\n\n<p>Whichever room you choose, the Hotel Jenner guarantees you a pleasant and relaxing stay in a modern and friendly setting.<\/p>","protected":false},"excerpt":{"rendered":"<p>\u00c0 l&rsquo;H\u00f4tel Jenner, nous proposons une vari\u00e9t\u00e9 de chambres adapt\u00e9es \u00e0 tous vos besoins, que vous voyagiez en couple, en famille ou entre amis. Nos chambres sont con\u00e7ues pour offrir un confort optimal et un cadre agr\u00e9able, afin de rendre votre s\u00e9jour inoubliable. CHAMBRES DOUBLES SUP\u00c9RIEURES CHAMBRES TWIN CHAMBRES SINGLE \u00c0 l&rsquo;H\u00f4tel Jenner, nous proposons [&hellip;]<\/p>","protected":false},"author":1,"featured_media":0,"parent":0,"menu_order":0,"comment_status":"closed","ping_status":"closed","template":"","meta":{"site-sidebar-layout":"default","site-content-layout":"","ast-site-content-layout":"default","site-content-style":"default","site-sidebar-style":"default","ast-global-header-display":"","ast-banner-title-visibility":"","ast-main-header-display":"","ast-hfb-above-header-display":"","ast-hfb-below-header-display":"","ast-hfb-mobile-header-display":"","site-post-title":"","ast-breadcrumbs-content":"","ast-featured-img":"","footer-sml-layout":"","ast-disable-related-posts":"","theme-transparent-header-meta":"","adv-header-id-meta":"","stick-header-meta":"","header-above-stick-meta":"","header-main-stick-meta":"","header-below-stick-meta":"","astra-migrate-meta-layouts":"set","ast-page-background-enabled":"default","ast-page-background-meta":{"desktop":{"background-color":"","background-image":"","background-repeat":"repeat","background-position":"center center","background-size":"auto","background-attachment":"scroll","background-type":"","background-media":"","overlay-type":"","overlay-color":"","overlay-opacity":"","overlay-gradient":""},"tablet":{"background-color":"","background-image":"","background-repeat":"repeat","background-position":"center center","background-size":"auto","background-attachment":"scroll","background-type":"","background-media":"","overlay-type":"","overlay-color":"","overlay-opacity":"","overlay-gradient":""},"mobile":{"background-color":"","background-image":"","background-repeat":"repeat","background-position":"center center","background-size":"auto","background-attachment":"scroll","background-type":"","background-media":"","overlay-type":"","overlay-color":"","overlay-opacity":"","overlay-gradient":""}},"ast-content-background-meta":{"desktop":{"background-color":"var(--ast-global-color-5)","background-image":"","background-repeat":"repeat","background-position":"center center","background-size":"auto","background-attachment":"scroll","background-type":"","background-media":"","overlay-type":"","overlay-color":"","overlay-opacity":"","overlay-gradient":""},"tablet":{"background-color":"var(--ast-global-color-5)","background-image":"","background-repeat":"repeat","background-position":"center center","background-size":"auto","background-attachment":"scroll","background-type":"","background-media":"","overlay-type":"","overlay-color":"","overlay-opacity":"","overlay-gradient":""},"mobile":{"background-color":"var(--ast-global-color-5)","background-image":"","background-repeat":"repeat","background-position":"center center","background-size":"auto","background-attachment":"scroll","background-type":"","background-media":"","overlay-type":"","overlay-color":"","overlay-opacity":"","overlay-gradient":""}},"footnotes":""},"class_list":["post-832","page","type-page","status-publish","hentry"],"_links":{"self":[{"href":"https:\/\/hoteljenner.com\/en\/wp-json\/wp\/v2\/pages\/832","targetHints":{"allow":["GET"]}}],"collection":[{"href":"https:\/\/hoteljenner.com\/en\/wp-json\/wp\/v2\/pages"}],"about":[{"href":"https:\/\/hoteljenner.com\/en\/wp-json\/wp\/v2\/types\/page"}],"author":[{"embeddable":true,"href":"https:\/\/hoteljenner.com\/en\/wp-json\/wp\/v2\/users\/1"}],"replies":[{"embeddable":true,"href":"https:\/\/hoteljenner.com\/en\/wp-json\/wp\/v2\/comments?post=832"}],"version-history":[{"count":1,"href":"https:\/\/hoteljenner.com\/en\/wp-json\/wp\/v2\/pages\/832\/revisions"}],"predecessor-version":[{"id":833,"href":"https:\/\/hoteljenner.com\/en\/wp-json\/wp\/v2\/pages\/832\/revisions\/833"}],"wp:attachment":[{"href":"https:\/\/hoteljenner.com\/en\/wp-json\/wp\/v2\/media?parent=832"}],"curies":[{"name":"wp","href":"https:\/\/api.w.org\/{rel}","templated":true}]}}